{"id":2723,"date":"2022-04-26T07:30:11","date_gmt":"2022-04-26T07:30:11","guid":{"rendered":"https:\/\/restoranlara.com\/?page_id=2723"},"modified":"2024-07-10T23:15:54","modified_gmt":"2024-07-10T23:15:54","slug":"rezervacija","status":"publish","type":"page","link":"https:\/\/restoranlara.com\/hr\/rezervacija\/","title":{"rendered":"Rezervacija"},"content":{"rendered":"\t\t<div data-elementor-type=\"wp-page\" data-elementor-id=\"2723\" class=\"elementor elementor-2723\">\n\t\t\t\t<div class=\"elementor-element elementor-element-e5524fb e-con-full e-flex e-con e-parent\" data-id=\"e5524fb\" data-element_type=\"container\" data-e-type=\"container\" data-settings=\"{&quot;background_background&quot;:&quot;classic&quot;}\">\n\t\t\t\t<\/div>\n\t\t\t\t<section class=\"elementor-section elementor-top-section elementor-element elementor-element-cc68fbc elementor-section-full_width elementor-section-height-min-height elementor-section-items-stretch elementor-reverse-mobile elementor-section-height-default\" data-id=\"cc68fbc\" data-element_type=\"section\" data-e-type=\"section\" data-settings=\"{&quot;background_background&quot;:&quot;classic&quot;}\">\n\t\t\t\t\t\t<div class=\"elementor-container elementor-column-gap-no\">\n\t\t\t\t\t<div class=\"elementor-column elementor-col-50 elementor-top-column elementor-element elementor-element-eb1263b\" data-id=\"eb1263b\" data-element_type=\"column\" data-e-type=\"column\">\n\t\t\t<div class=\"elementor-widget-wrap elementor-element-populated\">\n\t\t\t\t\t\t<div class=\"elementor-element elementor-element-c278dcf elementor-widget elementor-widget-pt_title\" data-id=\"c278dcf\" data-element_type=\"widget\" data-e-type=\"widget\" data-widget_type=\"pt_title.default\">\n\t\t\t\t<div class=\"elementor-widget-container\">\n\t\t\t\t\t\n        <div class=\"pt-title-wrap\">\t            <div class=\"pt-subtitle-wrap\"><span class=\"pt-subtitle color-secondary\">Javite nam se i <\/span><\/div>\t            <h3 class=\"pt-title color-secondary\">\n\t                REzervirajte va\u0161 stol\t            <\/h3>\t            <div class=\"pt-title-text\">\n\t                <p><span style=\"font-size: inherit; color: var(--content-color); background-color: var(--bg-color); font-family: var(--body-font);\">Nazovite nas na broj :<\/span><span style=\"background-color: var(--bg-color);\"><a href=\"tel:+385 99 6688 413\">+385 99 6688 413<\/a> ili<br \/><\/span><\/p><p><span style=\"background-color: var(--bg-color); color: var(--content-color); font-family: var(--body-font); font-size: inherit;\">Ispunite sljede\u0107i obrazac za rezervaciju<\/span><\/p><div class=\"pt-title-text\"><p>RU\u010cAK<br \/>Svakim danom<br \/>12:00 do 13:30<\/p><p>VE\u010cERA<br \/>Svakim danom<br \/>18:00 do 22:00<\/p><\/div>\t            <\/div>        <\/div>\t\t\t\t<\/div>\n\t\t\t\t<\/div>\n\t\t\t\t<div class=\"elementor-element elementor-element-09ad4cd elementor-widget elementor-widget-pt_form_cf7\" data-id=\"09ad4cd\" data-element_type=\"widget\" data-e-type=\"widget\" data-widget_type=\"pt_form_cf7.default\">\n\t\t\t\t<div class=\"elementor-widget-container\">\n\t\t\t\t\t            <div class=\"pt-form-cf7 placeholder-normal\">\n                <div class=\"pt-form-cf7-wrap\">\n<div class=\"wpcf7 no-js\" id=\"wpcf7-f3327-o1\" lang=\"hr\" dir=\"ltr\" data-wpcf7-id=\"3327\">\n<div class=\"screen-reader-response\"><p role=\"status\" aria-live=\"polite\" aria-atomic=\"true\"><\/p> <ul><\/ul><\/div>\n<form action=\"\/hr\/wp-json\/wp\/v2\/pages\/2723#wpcf7-f3327-o1\" method=\"post\" class=\"wpcf7-form init\" aria-label=\"Kontakt obrazac\" novalidate=\"novalidate\" data-status=\"init\">\n<fieldset class=\"hidden-fields-container\"><input type=\"hidden\" name=\"_wpcf7\" value=\"3327\" \/><input type=\"hidden\" name=\"_wpcf7_version\" value=\"6.1.5\" \/><input type=\"hidden\" name=\"_wpcf7_locale\" value=\"hr\" \/><input type=\"hidden\" name=\"_wpcf7_unit_tag\" value=\"wpcf7-f3327-o1\" \/><input type=\"hidden\" name=\"_wpcf7_container_post\" value=\"0\" \/><input type=\"hidden\" name=\"_wpcf7_posted_data_hash\" value=\"\" \/><input type=\"hidden\" name=\"_wpcf7_recaptcha_response\" value=\"\" \/>\n<\/fieldset>\n<p><label> Ime<br \/>\n<span class=\"wpcf7-form-control-wrap\" data-name=\"your-name\"><input size=\"40\" maxlength=\"400\" class=\"wpcf7-form-control wpcf7-text wpcf7-validates-as-required\" autocomplete=\"name\" aria-required=\"true\" aria-invalid=\"false\" value=\"\" type=\"text\" name=\"your-name\" \/><\/span> <\/label>\n<\/p>\n<p><label> E-mail Adresa<br \/>\n<span class=\"wpcf7-form-control-wrap\" data-name=\"your-email\"><input size=\"40\" maxlength=\"400\" class=\"wpcf7-form-control wpcf7-email wpcf7-validates-as-required wpcf7-text wpcf7-validates-as-email\" autocomplete=\"email\" aria-required=\"true\" aria-invalid=\"false\" value=\"\" type=\"email\" name=\"your-email\" \/><\/span> <\/label>\n<\/p>\n<p><label>Broj telefona<br \/>\n<span class=\"wpcf7-form-control-wrap\" data-name=\"phone-number\"><input size=\"40\" maxlength=\"400\" class=\"wpcf7-form-control wpcf7-text wpcf7-validates-as-required\" aria-required=\"true\" aria-invalid=\"false\" value=\"\" type=\"text\" name=\"phone-number\" \/><\/span><br \/>\n<\/label><br \/>\n<span class=\"wpcf7-form-control-wrap\" data-name=\"Dateofbooking\"><input class=\"wpcf7-form-control wpcf7-date wpcf7-validates-as-required wpcf7-validates-as-date\" aria-required=\"true\" aria-invalid=\"false\" value=\"Kada \u017eelite rezervirati stol?\" type=\"date\" name=\"Dateofbooking\" \/><\/span>\n<\/p>\n<p><label>Broj ljudi<br \/>\n<span class=\"wpcf7-form-control-wrap\" data-name=\"Numberofpeople\"><input class=\"wpcf7-form-control wpcf7-number wpcf7-validates-as-required wpcf7-validates-as-number\" min=\"1\" max=\"20\" aria-required=\"true\" aria-invalid=\"false\" value=\"\" type=\"number\" name=\"Numberofpeople\" \/><\/span><br \/>\n<\/label>\n<\/p>\n<p><label> U koliko sati \u017eelite rezervirati stol?<br \/>\n<span class=\"wpcf7-form-control-wrap\" data-name=\"work-hours\"><select class=\"wpcf7-form-control wpcf7-select wpcf7-validates-as-required\" aria-required=\"true\" aria-invalid=\"false\" name=\"work-hours\"><option value=\"12:00\">12:00<\/option><option value=\"13:00\">13:00<\/option><option value=\"18:00\">18:00<\/option><option value=\"19:00\">19:00<\/option><option value=\"21:00\">21:00<\/option><\/select><\/span><br \/>\n<\/label>\n<\/p>\n<p><label> Predmet<br \/>\n<span class=\"wpcf7-form-control-wrap\" data-name=\"your-subject\"><input size=\"40\" maxlength=\"400\" class=\"wpcf7-form-control wpcf7-text wpcf7-validates-as-required\" aria-required=\"true\" aria-invalid=\"false\" value=\"\" type=\"text\" name=\"your-subject\" \/><\/span> <\/label>\n<\/p>\n<p><label> Va\u0161a Poruka<br \/>\n<span class=\"wpcf7-form-control-wrap\" data-name=\"your-message\"><textarea cols=\"40\" rows=\"10\" maxlength=\"2000\" class=\"wpcf7-form-control wpcf7-textarea\" aria-invalid=\"false\" name=\"your-message\"><\/textarea><\/span> <\/label>\n<\/p>\n<p><input class=\"wpcf7-form-control wpcf7-submit has-spinner\" type=\"submit\" value=\"Po\u0161alji\" \/>\n<\/p><div class=\"wpcf7-response-output\" aria-hidden=\"true\"><\/div>\n<\/form>\n<\/div>\n<\/div>\n            <\/div>\t\t\t\t<\/div>\n\t\t\t\t<\/div>\n\t\t\t\t\t<\/div>\n\t\t<\/div>\n\t\t\t\t<div class=\"elementor-column elementor-col-50 elementor-top-column elementor-element elementor-element-ba2b793\" data-id=\"ba2b793\" data-element_type=\"column\" data-e-type=\"column\" data-settings=\"{&quot;background_background&quot;:&quot;classic&quot;}\">\n\t\t\t<div class=\"elementor-widget-wrap elementor-element-populated\">\n\t\t\t\t\t\t<div class=\"elementor-element elementor-element-651d80d elementor-widget elementor-widget-spacer\" data-id=\"651d80d\" data-element_type=\"widget\" data-e-type=\"widget\" data-widget_type=\"spacer.default\">\n\t\t\t\t<div class=\"elementor-widget-container\">\n\t\t\t\t\t\t\t<div class=\"elementor-spacer\">\n\t\t\t<div class=\"elementor-spacer-inner\"><\/div>\n\t\t<\/div>\n\t\t\t\t\t\t<\/div>\n\t\t\t\t<\/div>\n\t\t\t\t\t<\/div>\n\t\t<\/div>\n\t\t\t\t\t<\/div>\n\t\t<\/section>\n\t\t\t\t<\/div>\n\t\t","protected":false},"excerpt":{"rendered":"<p>Javite nam se i REzervirajte va\u0161 stol Nazovite nas na broj :+385 99 6688 413 ili Ispunite sljede\u0107i obrazac za rezervaciju RU\u010cAKSvakim danom12:00 do 13:30 VE\u010cERASvakim danom18:00 do 22:00 Ime E-mail Adresa Broj telefona Broj ljudi U koliko sati \u017eelite rezervirati stol? 12:0013:0018:0019:0020:0021:00 Predmet Va\u0161a Poruka<\/p>\n","protected":false},"author":2,"featured_media":0,"parent":0,"menu_order":0,"comment_status":"closed","ping_status":"closed","template":"template-wide-content.php","meta":{"patiotime_single_page_hide_site_header":"","patiotime_single_page_site_header_source":"custom","patiotime_single_page_custom_site_header":"70","patiotime_single_page_custom_sticky_site_header":"0","patiotime_single_page_custom_page_title_margin_top_source":"","patiotime_single_page_custom_page_title_desktop_margin_top":"","patiotime_single_page_custom_page_title_tablet_margin_top":"","patiotime_single_page_custom_page_title_mobile_margin_top":"","patiotime_single_page_hide_page_title":"on","patiotime_single_page_header_section_size":"","patiotime_single_page_header_background_color":"","patiotime_single_page_header_background_position_x":"center","patiotime_single_page_header_background_position_y":"center","patiotime_single_page_header_background_size":"cover","patiotime_single_page_header_background_repeat":"off","patiotime_single_page_header_background_scroll":"on","patiotime_single_page_header_text_color":"","patiotime_single_page_header_show_breadcrumb":"","patiotime_single_page_site_footer_hide_main":"","patiotime_single_custom_site_footer_main_source":"custom","patiotime_single_custom_site_footer_main":"3629","patiotime_single_page_site_footer_hide_above":"","patiotime_single_custom_site_footer_above_source":"","patiotime_single_custom_site_footer_above":"0","patiotime_single_page_site_footer_hide_instagram":"","patiotime_single_page_site_footer_hide_bottom":"","patiotime_single_custom_mobile_menu_source":"","patiotime_single_custom_mobile_menu":"0","patiotime_single_custom_mobile_menu_animation":"","patiotime_single_custom_mobile_menu_width":"","patiotime_single_custom_mobile_menu_custom_width":375,"footnotes":""},"class_list":["post-2723","page","type-page","status-publish","hentry"],"yoast_head":"<!-- This site is optimized with the Yoast SEO plugin v27.4 - https:\/\/yoast.com\/product\/yoast-seo-wordpress\/ -->\n<title>Rezervacija - Restoran Lara<\/title>\n<meta name=\"robots\" content=\"index, follow, max-snippet:-1, max-image-preview:large, max-video-preview:-1\" \/>\n<link rel=\"canonical\" href=\"https:\/\/restoranlara.com\/hr\/rezervacija\/\" \/>\n<meta property=\"og:locale\" content=\"hr_HR\" \/>\n<meta property=\"og:type\" content=\"article\" \/>\n<meta property=\"og:title\" content=\"Rezervacija - Restoran Lara\" \/>\n<meta property=\"og:description\" content=\"Javite nam se i REzervirajte va\u0161 stol Nazovite nas na broj :+385 99 6688 413 ili Ispunite sljede\u0107i obrazac za rezervaciju RU\u010cAKSvakim danom12:00 do 13:30 VE\u010cERASvakim danom18:00 do 22:00 Ime E-mail Adresa Broj telefona Broj ljudi U koliko sati \u017eelite rezervirati stol? 12:0013:0018:0019:0020:0021:00 Predmet Va\u0161a Poruka\" \/>\n<meta property=\"og:url\" content=\"https:\/\/restoranlara.com\/hr\/rezervacija\/\" \/>\n<meta property=\"og:site_name\" content=\"Restoran Lara\" \/>\n<meta property=\"article:modified_time\" content=\"2024-07-10T23:15:54+00:00\" \/>\n<meta name=\"twitter:card\" content=\"summary_large_image\" \/>\n<meta name=\"twitter:label1\" content=\"Procijenjeno vrijeme \u010ditanja\" \/>\n\t<meta name=\"twitter:data1\" content=\"1 minuta\" \/>\n<script type=\"application\/ld+json\" class=\"yoast-schema-graph\">{\"@context\":\"https:\\\/\\\/schema.org\",\"@graph\":[{\"@type\":\"WebPage\",\"@id\":\"https:\\\/\\\/restoranlara.com\\\/hr\\\/rezervacija\\\/\",\"url\":\"https:\\\/\\\/restoranlara.com\\\/hr\\\/rezervacija\\\/\",\"name\":\"Rezervacija - Restoran Lara\",\"isPartOf\":{\"@id\":\"https:\\\/\\\/restoranlara.com\\\/hr\\\/#website\"},\"datePublished\":\"2022-04-26T07:30:11+00:00\",\"dateModified\":\"2024-07-10T23:15:54+00:00\",\"breadcrumb\":{\"@id\":\"https:\\\/\\\/restoranlara.com\\\/hr\\\/rezervacija\\\/#breadcrumb\"},\"inLanguage\":\"hr\",\"potentialAction\":[{\"@type\":\"ReadAction\",\"target\":[\"https:\\\/\\\/restoranlara.com\\\/hr\\\/rezervacija\\\/\"]}]},{\"@type\":\"BreadcrumbList\",\"@id\":\"https:\\\/\\\/restoranlara.com\\\/hr\\\/rezervacija\\\/#breadcrumb\",\"itemListElement\":[{\"@type\":\"ListItem\",\"position\":1,\"name\":\"Po\u010detna stranica\",\"item\":\"https:\\\/\\\/restoranlara.com\\\/hr\\\/\"},{\"@type\":\"ListItem\",\"position\":2,\"name\":\"Rezervacija\"}]},{\"@type\":\"WebSite\",\"@id\":\"https:\\\/\\\/restoranlara.com\\\/hr\\\/#website\",\"url\":\"https:\\\/\\\/restoranlara.com\\\/hr\\\/\",\"name\":\"Restoran Lara\",\"description\":\"Top Quality Dining\",\"potentialAction\":[{\"@type\":\"SearchAction\",\"target\":{\"@type\":\"EntryPoint\",\"urlTemplate\":\"https:\\\/\\\/restoranlara.com\\\/hr\\\/?s={search_term_string}\"},\"query-input\":{\"@type\":\"PropertyValueSpecification\",\"valueRequired\":true,\"valueName\":\"search_term_string\"}}],\"inLanguage\":\"hr\"}]}<\/script>\n<!-- \/ Yoast SEO plugin. -->","yoast_head_json":{"title":"Rezervacija - Restoran Lara","robots":{"index":"index","follow":"follow","max-snippet":"max-snippet:-1","max-image-preview":"max-image-preview:large","max-video-preview":"max-video-preview:-1"},"canonical":"https:\/\/restoranlara.com\/hr\/rezervacija\/","og_locale":"hr_HR","og_type":"article","og_title":"Rezervacija - Restoran Lara","og_description":"Javite nam se i REzervirajte va\u0161 stol Nazovite nas na broj :+385 99 6688 413 ili Ispunite sljede\u0107i obrazac za rezervaciju RU\u010cAKSvakim danom12:00 do 13:30 VE\u010cERASvakim danom18:00 do 22:00 Ime E-mail Adresa Broj telefona Broj ljudi U koliko sati \u017eelite rezervirati stol? 12:0013:0018:0019:0020:0021:00 Predmet Va\u0161a Poruka","og_url":"https:\/\/restoranlara.com\/hr\/rezervacija\/","og_site_name":"Restoran Lara","article_modified_time":"2024-07-10T23:15:54+00:00","twitter_card":"summary_large_image","twitter_misc":{"Procijenjeno vrijeme \u010ditanja":"1 minuta"},"schema":{"@context":"https:\/\/schema.org","@graph":[{"@type":"WebPage","@id":"https:\/\/restoranlara.com\/hr\/rezervacija\/","url":"https:\/\/restoranlara.com\/hr\/rezervacija\/","name":"Rezervacija - Restoran Lara","isPartOf":{"@id":"https:\/\/restoranlara.com\/hr\/#website"},"datePublished":"2022-04-26T07:30:11+00:00","dateModified":"2024-07-10T23:15:54+00:00","breadcrumb":{"@id":"https:\/\/restoranlara.com\/hr\/rezervacija\/#breadcrumb"},"inLanguage":"hr","potentialAction":[{"@type":"ReadAction","target":["https:\/\/restoranlara.com\/hr\/rezervacija\/"]}]},{"@type":"BreadcrumbList","@id":"https:\/\/restoranlara.com\/hr\/rezervacija\/#breadcrumb","itemListElement":[{"@type":"ListItem","position":1,"name":"Po\u010detna stranica","item":"https:\/\/restoranlara.com\/hr\/"},{"@type":"ListItem","position":2,"name":"Rezervacija"}]},{"@type":"WebSite","@id":"https:\/\/restoranlara.com\/hr\/#website","url":"https:\/\/restoranlara.com\/hr\/","name":"Restoran Lara","description":"Top Quality Dining","potentialAction":[{"@type":"SearchAction","target":{"@type":"EntryPoint","urlTemplate":"https:\/\/restoranlara.com\/hr\/?s={search_term_string}"},"query-input":{"@type":"PropertyValueSpecification","valueRequired":true,"valueName":"search_term_string"}}],"inLanguage":"hr"}]}},"_links":{"self":[{"href":"https:\/\/restoranlara.com\/hr\/wp-json\/wp\/v2\/pages\/2723","targetHints":{"allow":["GET"]}}],"collection":[{"href":"https:\/\/restoranlara.com\/hr\/wp-json\/wp\/v2\/pages"}],"about":[{"href":"https:\/\/restoranlara.com\/hr\/wp-json\/wp\/v2\/types\/page"}],"author":[{"embeddable":true,"href":"https:\/\/restoranlara.com\/hr\/wp-json\/wp\/v2\/users\/2"}],"replies":[{"embeddable":true,"href":"https:\/\/restoranlara.com\/hr\/wp-json\/wp\/v2\/comments?post=2723"}],"version-history":[{"count":16,"href":"https:\/\/restoranlara.com\/hr\/wp-json\/wp\/v2\/pages\/2723\/revisions"}],"predecessor-version":[{"id":4227,"href":"https:\/\/restoranlara.com\/hr\/wp-json\/wp\/v2\/pages\/2723\/revisions\/4227"}],"wp:attachment":[{"href":"https:\/\/restoranlara.com\/hr\/wp-json\/wp\/v2\/media?parent=2723"}],"curies":[{"name":"wp","href":"https:\/\/api.w.org\/{rel}","templated":true}]}}