{"id":1969,"date":"2022-04-26T07:29:55","date_gmt":"2022-04-26T07:29:55","guid":{"rendered":"https:\/\/restoranlara.com\/?page_id=1969"},"modified":"2024-07-10T23:55:01","modified_gmt":"2024-07-10T23:55:01","slug":"beruehrung","status":"publish","type":"page","link":"https:\/\/restoranlara.com\/de\/beruehrung\/","title":{"rendered":"Ber\u00fchrung"},"content":{"rendered":"\t\t<div data-elementor-type=\"wp-page\" data-elementor-id=\"1969\" class=\"elementor elementor-1969\">\n\t\t\t\t<div class=\"elementor-element elementor-element-0dcaba9 e-con-full e-flex e-con e-parent\" data-id=\"0dcaba9\" data-element_type=\"container\" data-e-type=\"container\" data-settings=\"{&quot;background_background&quot;:&quot;classic&quot;}\">\n\t\t\t\t<\/div>\n\t\t\t\t<section class=\"elementor-section elementor-top-section elementor-element elementor-element-08444e7 elementor-section-full_width elementor-section-height-min-height elementor-section-items-stretch elementor-section-height-default\" data-id=\"08444e7\" data-element_type=\"section\" data-e-type=\"section\" data-settings=\"{&quot;background_background&quot;:&quot;classic&quot;}\">\n\t\t\t\t\t\t<div class=\"elementor-container elementor-column-gap-no\">\n\t\t\t\t\t<div class=\"elementor-column elementor-col-50 elementor-top-column elementor-element elementor-element-42f2081\" data-id=\"42f2081\" data-element_type=\"column\" data-e-type=\"column\">\n\t\t\t<div class=\"elementor-widget-wrap elementor-element-populated\">\n\t\t\t\t\t\t<div class=\"elementor-element elementor-element-08e53bf elementor-widget elementor-widget-pt_title\" data-id=\"08e53bf\" data-element_type=\"widget\" data-e-type=\"widget\" data-widget_type=\"pt_title.default\">\n\t\t\t\t<div class=\"elementor-widget-container\">\n\t\t\t\t\t\n        <div class=\"pt-title-wrap\">\t            <div class=\"pt-subtitle-wrap\"><span class=\"pt-subtitle color-secondary\">Schicken Sie uns eine Nachricht<\/span><\/div>\t            <h4 class=\"pt-title\">\n\t                Treten Sie in Kontakt\t            <\/h4>\t            <div class=\"pt-title-text\">\n\t                <p>Auf Deutsch: F\u00fcr allgemeine Anfragen f\u00fcllen Sie bitte das folgende Formular aus. Sie k\u00f6nnen uns kontaktieren oder Fragen stellen unter:<a href=\"tel:+385 99 6688 413\"> +385 99 6688 413<\/a><\/p><p> Unser Standort:<a href=\"https:\/\/www.google.com\/maps\/place\/\/data=!4m2!3m1!1s0x476373c148817273:0x1ae5b2404fdb83fe?sa=X&amp;ved=1t:8290&amp;ictx=111\"> Ul. Ivana Gorana Kova\u010di\u0107a 41, 51521 Punat<\/a><\/p>\t            <\/div>        <\/div>\t\t\t\t<\/div>\n\t\t\t\t<\/div>\n\t\t\t\t<div class=\"elementor-element elementor-element-1fe1ed8 elementor-widget elementor-widget-pt_form_cf7\" data-id=\"1fe1ed8\" data-element_type=\"widget\" data-e-type=\"widget\" data-widget_type=\"pt_form_cf7.default\">\n\t\t\t\t<div class=\"elementor-widget-container\">\n\t\t\t\t\t            <div class=\"pt-form-cf7 placeholder-normal\">\n                <div class=\"pt-form-cf7-wrap\">\n<div class=\"wpcf7 no-js\" id=\"wpcf7-f3864-o1\" lang=\"en-US\" dir=\"ltr\" data-wpcf7-id=\"3864\">\n<div class=\"screen-reader-response\"><p role=\"status\" aria-live=\"polite\" aria-atomic=\"true\"><\/p> <ul><\/ul><\/div>\n<form action=\"\/de\/wp-json\/wp\/v2\/pages\/1969#wpcf7-f3864-o1\" method=\"post\" class=\"wpcf7-form init\" aria-label=\"Contact form\" novalidate=\"novalidate\" data-status=\"init\">\n<fieldset class=\"hidden-fields-container\"><input type=\"hidden\" name=\"_wpcf7\" value=\"3864\" \/><input type=\"hidden\" name=\"_wpcf7_version\" value=\"6.1.5\" \/><input type=\"hidden\" name=\"_wpcf7_locale\" value=\"en_US\" \/><input type=\"hidden\" name=\"_wpcf7_unit_tag\" value=\"wpcf7-f3864-o1\" \/><input type=\"hidden\" name=\"_wpcf7_container_post\" value=\"0\" \/><input type=\"hidden\" name=\"_wpcf7_posted_data_hash\" value=\"\" \/><input type=\"hidden\" name=\"_wpcf7_recaptcha_response\" value=\"\" \/>\n<\/fieldset>\n<p><label><span class=\"wpcf7-form-control-wrap\" data-name=\"your-name\"><input size=\"40\" maxlength=\"400\" class=\"wpcf7-form-control wpcf7-text wpcf7-validates-as-required\" aria-required=\"true\" aria-invalid=\"false\" placeholder=\"Ihren Namen\" value=\"\" type=\"text\" name=\"your-name\" \/><\/span> <\/label>\n<\/p>\n<p><label><span class=\"wpcf7-form-control-wrap\" data-name=\"your-email\"><input size=\"40\" maxlength=\"400\" class=\"wpcf7-form-control wpcf7-email wpcf7-validates-as-required wpcf7-text wpcf7-validates-as-email\" aria-required=\"true\" aria-invalid=\"false\" placeholder=\"Ihre E-mail\" value=\"\" type=\"email\" name=\"your-email\" \/><\/span> <\/label>\n<\/p>\n<p><label><span class=\"wpcf7-form-control-wrap\" data-name=\"your-subject\"><input size=\"40\" maxlength=\"400\" class=\"wpcf7-form-control wpcf7-text wpcf7-validates-as-required\" aria-required=\"true\" aria-invalid=\"false\" placeholder=\"Ihr Motiv\" value=\"\" type=\"text\" name=\"your-subject\" \/><\/span> <\/label>\n<\/p>\n<p><label><span class=\"wpcf7-form-control-wrap\" data-name=\"your-message\"><textarea cols=\"40\" rows=\"10\" maxlength=\"2000\" class=\"wpcf7-form-control wpcf7-textarea\" aria-invalid=\"false\" placeholder=\"Your Nachricht\" name=\"your-message\"><\/textarea><\/span> <\/label>\n<\/p>\n<p><input class=\"wpcf7-form-control wpcf7-submit has-spinner\" type=\"submit\" value=\"Nachricht abschicken\" \/>\n<\/p><div class=\"wpcf7-response-output\" aria-hidden=\"true\"><\/div>\n<\/form>\n<\/div>\n<\/div>\n            <\/div>\t\t\t\t<\/div>\n\t\t\t\t<\/div>\n\t\t\t\t\t<\/div>\n\t\t<\/div>\n\t\t\t\t<div class=\"elementor-column elementor-col-50 elementor-top-column elementor-element elementor-element-646e4c5\" data-id=\"646e4c5\" data-element_type=\"column\" data-e-type=\"column\" data-settings=\"{&quot;background_background&quot;:&quot;classic&quot;}\">\n\t\t\t<div class=\"elementor-widget-wrap elementor-element-populated\">\n\t\t\t\t\t\t<div class=\"elementor-element elementor-element-64328f2 elementor-widget elementor-widget-spacer\" data-id=\"64328f2\" data-element_type=\"widget\" data-e-type=\"widget\" data-widget_type=\"spacer.default\">\n\t\t\t\t<div class=\"elementor-widget-container\">\n\t\t\t\t\t\t\t<div class=\"elementor-spacer\">\n\t\t\t<div class=\"elementor-spacer-inner\"><\/div>\n\t\t<\/div>\n\t\t\t\t\t\t<\/div>\n\t\t\t\t<\/div>\n\t\t\t\t\t<\/div>\n\t\t<\/div>\n\t\t\t\t\t<\/div>\n\t\t<\/section>\n\t\t\t\t<section class=\"elementor-section elementor-top-section elementor-element elementor-element-3263f7e elementor-section-full_width elementor-section-height-default elementor-section-height-default\" data-id=\"3263f7e\" data-element_type=\"section\" data-e-type=\"section\">\n\t\t\t\t\t\t<div class=\"elementor-container elementor-column-gap-no\">\n\t\t\t\t\t<div class=\"elementor-column elementor-col-100 elementor-top-column elementor-element elementor-element-9c50669\" data-id=\"9c50669\" data-element_type=\"column\" data-e-type=\"column\">\n\t\t\t<div class=\"elementor-widget-wrap elementor-element-populated\">\n\t\t\t\t\t\t<div class=\"elementor-element elementor-element-40b8a36 elementor-widget elementor-widget-pt_title\" data-id=\"40b8a36\" data-element_type=\"widget\" data-e-type=\"widget\" data-widget_type=\"pt_title.default\">\n\t\t\t\t<div class=\"elementor-widget-container\">\n\t\t\t\t\t\n        <div class=\"pt-title-wrap text-center\">\t            <div class=\"pt-subtitle-wrap\"><span class=\"pt-subtitle color-secondary\">Wie man hierher kommt<\/span><\/div>\t            <h4 class=\"pt-title\">\n\t                Unser Standort\t            <\/h4>\t            <div class=\"pt-title-text\">\n\t                <p>Ul. Ivana Gorana Kova\u010di\u0107a 41,<br \/>51521 Punat<\/p>\t            <\/div>        <\/div>\t\t\t\t<\/div>\n\t\t\t\t<\/div>\n\t\t\t\t<div class=\"elementor-element elementor-element-436813d elementor-widget elementor-widget-google_maps\" data-id=\"436813d\" data-element_type=\"widget\" data-e-type=\"widget\" data-widget_type=\"google_maps.default\">\n\t\t\t\t<div class=\"elementor-widget-container\">\n\t\t\t\t\t\t\t<div class=\"elementor-custom-embed\">\n\t\t\t<iframe loading=\"lazy\"\n\t\t\t\t\tsrc=\"https:\/\/maps.google.com\/maps?q=Ul.%20Ivana%20Gorana%20Kova%C4%8Di%C4%87a%2041%2C%2051521%20Punat&#038;t=m&#038;z=10&#038;output=embed&#038;iwloc=near\"\n\t\t\t\t\ttitle=\"Ul. Ivana Gorana Kova\u010di\u0107a 41, 51521 Punat\"\n\t\t\t\t\taria-label=\"Ul. Ivana Gorana Kova\u010di\u0107a 41, 51521 Punat\"\n\t\t\t><\/iframe>\n\t\t<\/div>\n\t\t\t\t\t\t<\/div>\n\t\t\t\t<\/div>\n\t\t\t\t\t<\/div>\n\t\t<\/div>\n\t\t\t\t\t<\/div>\n\t\t<\/section>\n\t\t\t\t<\/div>\n\t\t","protected":false},"excerpt":{"rendered":"<p>Schicken Sie uns eine Nachricht Treten Sie in Kontakt Auf Deutsch: F\u00fcr allgemeine Anfragen f\u00fcllen Sie bitte das folgende Formular aus. Sie k\u00f6nnen uns kontaktieren oder Fragen stellen unter: +385 99 6688 413 Unser Standort: Ul. Ivana Gorana Kova\u010di\u0107a 41, 51521 Punat Wie man hierher kommt Unser Standort Ul. Ivana Gorana Kova\u010di\u0107a 41,51521 Punat<\/p>\n","protected":false},"author":2,"featured_media":0,"parent":0,"menu_order":0,"comment_status":"closed","ping_status":"closed","template":"template-wide-content.php","meta":{"patiotime_single_page_hide_site_header":"","patiotime_single_page_site_header_source":"custom","patiotime_single_page_custom_site_header":"70","patiotime_single_page_custom_sticky_site_header":"0","patiotime_single_page_custom_page_title_margin_top_source":"","patiotime_single_page_custom_page_title_desktop_margin_top":"","patiotime_single_page_custom_page_title_tablet_margin_top":"","patiotime_single_page_custom_page_title_mobile_margin_top":"","patiotime_single_page_hide_page_title":"on","patiotime_single_page_header_section_size":"","patiotime_single_page_header_background_color":"","patiotime_single_page_header_background_position_x":"center","patiotime_single_page_header_background_position_y":"center","patiotime_single_page_header_background_size":"cover","patiotime_single_page_header_background_repeat":"off","patiotime_single_page_header_background_scroll":"on","patiotime_single_page_header_text_color":"","patiotime_single_page_header_show_breadcrumb":"","patiotime_single_page_site_footer_hide_main":"","patiotime_single_custom_site_footer_main_source":"custom","patiotime_single_custom_site_footer_main":"3643","patiotime_single_page_site_footer_hide_above":"","patiotime_single_custom_site_footer_above_source":"","patiotime_single_custom_site_footer_above":"0","patiotime_single_page_site_footer_hide_instagram":"","patiotime_single_page_site_footer_hide_bottom":"","patiotime_single_custom_mobile_menu_source":"","patiotime_single_custom_mobile_menu":"0","patiotime_single_custom_mobile_menu_animation":"","patiotime_single_custom_mobile_menu_width":"","patiotime_single_custom_mobile_menu_custom_width":375,"footnotes":""},"class_list":["post-1969","page","type-page","status-publish","hentry"],"yoast_head":"<!-- This site is optimized with the Yoast SEO plugin v27.4 - https:\/\/yoast.com\/product\/yoast-seo-wordpress\/ -->\n<title>Ber\u00fchrung - Restoran Lara<\/title>\n<meta name=\"robots\" content=\"index, follow, max-snippet:-1, max-image-preview:large, max-video-preview:-1\" \/>\n<link rel=\"canonical\" href=\"https:\/\/restoranlara.com\/de\/beruehrung\/\" \/>\n<meta property=\"og:locale\" content=\"de_DE\" \/>\n<meta property=\"og:type\" content=\"article\" \/>\n<meta property=\"og:title\" content=\"Ber\u00fchrung - Restoran Lara\" \/>\n<meta property=\"og:description\" content=\"Schicken Sie uns eine Nachricht Treten Sie in Kontakt Auf Deutsch: F\u00fcr allgemeine Anfragen f\u00fcllen Sie bitte das folgende Formular aus. Sie k\u00f6nnen uns kontaktieren oder Fragen stellen unter: +385 99 6688 413 Unser Standort: Ul. Ivana Gorana Kova\u010di\u0107a 41, 51521 Punat Wie man hierher kommt Unser Standort Ul. Ivana Gorana Kova\u010di\u0107a 41,51521 Punat\" \/>\n<meta property=\"og:url\" content=\"https:\/\/restoranlara.com\/de\/beruehrung\/\" \/>\n<meta property=\"og:site_name\" content=\"Restoran Lara\" \/>\n<meta property=\"article:modified_time\" content=\"2024-07-10T23:55:01+00:00\" \/>\n<meta name=\"twitter:card\" content=\"summary_large_image\" \/>\n<meta name=\"twitter:label1\" content=\"Gesch\u00e4tzte Lesezeit\" \/>\n\t<meta name=\"twitter:data1\" content=\"1\u00a0Minute\" \/>\n<script type=\"application\/ld+json\" class=\"yoast-schema-graph\">{\"@context\":\"https:\\\/\\\/schema.org\",\"@graph\":[{\"@type\":\"WebPage\",\"@id\":\"https:\\\/\\\/restoranlara.com\\\/de\\\/beruehrung\\\/\",\"url\":\"https:\\\/\\\/restoranlara.com\\\/de\\\/beruehrung\\\/\",\"name\":\"Ber\u00fchrung - Restoran Lara\",\"isPartOf\":{\"@id\":\"https:\\\/\\\/restoranlara.com\\\/de\\\/#website\"},\"datePublished\":\"2022-04-26T07:29:55+00:00\",\"dateModified\":\"2024-07-10T23:55:01+00:00\",\"breadcrumb\":{\"@id\":\"https:\\\/\\\/restoranlara.com\\\/de\\\/beruehrung\\\/#breadcrumb\"},\"inLanguage\":\"de\",\"potentialAction\":[{\"@type\":\"ReadAction\",\"target\":[\"https:\\\/\\\/restoranlara.com\\\/de\\\/beruehrung\\\/\"]}]},{\"@type\":\"BreadcrumbList\",\"@id\":\"https:\\\/\\\/restoranlara.com\\\/de\\\/beruehrung\\\/#breadcrumb\",\"itemListElement\":[{\"@type\":\"ListItem\",\"position\":1,\"name\":\"Po\u010detna stranica\",\"item\":\"https:\\\/\\\/restoranlara.com\\\/de\\\/\"},{\"@type\":\"ListItem\",\"position\":2,\"name\":\"Ber\u00fchrung\"}]},{\"@type\":\"WebSite\",\"@id\":\"https:\\\/\\\/restoranlara.com\\\/de\\\/#website\",\"url\":\"https:\\\/\\\/restoranlara.com\\\/de\\\/\",\"name\":\"Restoran Lara\",\"description\":\"Top Quality Dining\",\"potentialAction\":[{\"@type\":\"SearchAction\",\"target\":{\"@type\":\"EntryPoint\",\"urlTemplate\":\"https:\\\/\\\/restoranlara.com\\\/de\\\/?s={search_term_string}\"},\"query-input\":{\"@type\":\"PropertyValueSpecification\",\"valueRequired\":true,\"valueName\":\"search_term_string\"}}],\"inLanguage\":\"de\"}]}<\/script>\n<!-- \/ Yoast SEO plugin. -->","yoast_head_json":{"title":"Ber\u00fchrung - Restoran Lara","robots":{"index":"index","follow":"follow","max-snippet":"max-snippet:-1","max-image-preview":"max-image-preview:large","max-video-preview":"max-video-preview:-1"},"canonical":"https:\/\/restoranlara.com\/de\/beruehrung\/","og_locale":"de_DE","og_type":"article","og_title":"Ber\u00fchrung - Restoran Lara","og_description":"Schicken Sie uns eine Nachricht Treten Sie in Kontakt Auf Deutsch: F\u00fcr allgemeine Anfragen f\u00fcllen Sie bitte das folgende Formular aus. Sie k\u00f6nnen uns kontaktieren oder Fragen stellen unter: +385 99 6688 413 Unser Standort: Ul. Ivana Gorana Kova\u010di\u0107a 41, 51521 Punat Wie man hierher kommt Unser Standort Ul. Ivana Gorana Kova\u010di\u0107a 41,51521 Punat","og_url":"https:\/\/restoranlara.com\/de\/beruehrung\/","og_site_name":"Restoran Lara","article_modified_time":"2024-07-10T23:55:01+00:00","twitter_card":"summary_large_image","twitter_misc":{"Gesch\u00e4tzte Lesezeit":"1\u00a0Minute"},"schema":{"@context":"https:\/\/schema.org","@graph":[{"@type":"WebPage","@id":"https:\/\/restoranlara.com\/de\/beruehrung\/","url":"https:\/\/restoranlara.com\/de\/beruehrung\/","name":"Ber\u00fchrung - Restoran Lara","isPartOf":{"@id":"https:\/\/restoranlara.com\/de\/#website"},"datePublished":"2022-04-26T07:29:55+00:00","dateModified":"2024-07-10T23:55:01+00:00","breadcrumb":{"@id":"https:\/\/restoranlara.com\/de\/beruehrung\/#breadcrumb"},"inLanguage":"de","potentialAction":[{"@type":"ReadAction","target":["https:\/\/restoranlara.com\/de\/beruehrung\/"]}]},{"@type":"BreadcrumbList","@id":"https:\/\/restoranlara.com\/de\/beruehrung\/#breadcrumb","itemListElement":[{"@type":"ListItem","position":1,"name":"Po\u010detna stranica","item":"https:\/\/restoranlara.com\/de\/"},{"@type":"ListItem","position":2,"name":"Ber\u00fchrung"}]},{"@type":"WebSite","@id":"https:\/\/restoranlara.com\/de\/#website","url":"https:\/\/restoranlara.com\/de\/","name":"Restoran Lara","description":"Top Quality Dining","potentialAction":[{"@type":"SearchAction","target":{"@type":"EntryPoint","urlTemplate":"https:\/\/restoranlara.com\/de\/?s={search_term_string}"},"query-input":{"@type":"PropertyValueSpecification","valueRequired":true,"valueName":"search_term_string"}}],"inLanguage":"de"}]}},"_links":{"self":[{"href":"https:\/\/restoranlara.com\/de\/wp-json\/wp\/v2\/pages\/1969","targetHints":{"allow":["GET"]}}],"collection":[{"href":"https:\/\/restoranlara.com\/de\/wp-json\/wp\/v2\/pages"}],"about":[{"href":"https:\/\/restoranlara.com\/de\/wp-json\/wp\/v2\/types\/page"}],"author":[{"embeddable":true,"href":"https:\/\/restoranlara.com\/de\/wp-json\/wp\/v2\/users\/2"}],"replies":[{"embeddable":true,"href":"https:\/\/restoranlara.com\/de\/wp-json\/wp\/v2\/comments?post=1969"}],"version-history":[{"count":19,"href":"https:\/\/restoranlara.com\/de\/wp-json\/wp\/v2\/pages\/1969\/revisions"}],"predecessor-version":[{"id":4270,"href":"https:\/\/restoranlara.com\/de\/wp-json\/wp\/v2\/pages\/1969\/revisions\/4270"}],"wp:attachment":[{"href":"https:\/\/restoranlara.com\/de\/wp-json\/wp\/v2\/media?parent=1969"}],"curies":[{"name":"wp","href":"https:\/\/api.w.org\/{rel}","templated":true}]}}